{"id":140,"date":"2023-12-15T16:39:06","date_gmt":"2023-12-15T16:39:06","guid":{"rendered":"https:\/\/telegramcasinos.org\/fr\/?page_id=140"},"modified":"2023-12-15T16:39:06","modified_gmt":"2023-12-15T16:39:06","slug":"politique-editoriale","status":"publish","type":"page","link":"https:\/\/telegramcasinos.org\/fr\/politique-editoriale\/","title":{"rendered":"Politique \u00e9ditoriale"},"content":{"rendered":"\n<h2 class=\"wp-block-heading\">Introduction<\/h2>\n\n\n\n<p>Bienvenue sur TelegramCasinos.org, o\u00f9 notre engagement in\u00e9branlable envers l&rsquo;int\u00e9grit\u00e9, l&rsquo;expertise et la transparence sert de force directrice fa\u00e7onnant nos directives \u00e9ditoriales. Dans l&rsquo;univers dynamique du jeu de crypto-monnaie, nous sommes r\u00e9solus \u00e0 offrir \u00e0 nos lecteurs un contenu non seulement pr\u00e9cis, mais aussi d\u00e9pourvu de partialit\u00e9, garantissant une exploration \u00e9clairante. Dans ce discours, nous d\u00e9taillons nos principes \u00e9ditoriaux et exposons la force motrice propulsant nos efforts.<\/p>\n\n\n\n<h2 class=\"wp-block-heading\">Aper\u00e7u du contenu<\/h2>\n\n\n\n<h3 class=\"wp-block-heading\">Notre Objectif Principal<\/h3>\n\n\n\n<p>Sur <a href=\"https:\/\/telegramcasinos.org\/fr\/\" data-type=\"page\" data-id=\"2\">TelegramCasinos.org<\/a>, notre objectif global est manifestement d\u00e9fini : \u00eatre votre alli\u00e9 in\u00e9branlable pour naviguer dans le domaine captivant des casinos Telegram et du jeu de crypto-monnaie. Notre engagement s&rsquo;\u00e9tend \u00e0 vous fournir les connaissances et les ressources n\u00e9cessaires, que vous soyez un praticien chevronn\u00e9 dans le milieu du jeu de crypto-monnaie ou que vous entamiez simplement votre premi\u00e8re incursion.<\/p>\n\n\n\n<p><strong>Notre objectif englobe:<\/strong><\/p>\n\n\n\n<p><strong>Faciliter les D\u00e9cisions \u00c9clair\u00e9es:<\/strong> Notre objectif est de doter nos lecteurs de la sagacit\u00e9 et du discernement essentiels pour prendre des d\u00e9cisions judicieuses. \u00c0 travers des guides exhaustifs, des critiques et des compositions \u00e9clairantes, nous nous assurons que vous disposez des outils n\u00e9cessaires pour participer \u00e0 un s\u00e9jour s\u00e9curis\u00e9 et gratifiant dans le domaine des casinos Telegram.<br><strong>Promouvoir la Transparence:<\/strong> La transparence forme la base de notre objectif. Nous sommes r\u00e9solus \u00e0 fournir des informations claires et non alt\u00e9r\u00e9es, vous offrant une compr\u00e9hension lucide du panorama du jeu de crypto-monnaie, englobant ses avantages, ses pi\u00e8ges et ses opportunit\u00e9s.<br><strong>Promouvoir le Jeu Responsable:<\/strong> Nous pr\u00e9conisons ardemment les pratiques de jeu responsable. Alors que nous c\u00e9l\u00e9brons l&rsquo;excitation inh\u00e9rente aux casinos Telegram, nous soulignons \u00e9galement l&rsquo;imp\u00e9ratif de d\u00e9limiter des limites, de prendre conscience des risques et de rechercher de l&rsquo;aide lorsque cela est n\u00e9cessaire. Notre mission est de favoriser un environnement de jeu s\u00fbr et agr\u00e9able pour tous.<br><strong>Favoriser l&rsquo;Apprentissage Continu:<\/strong> Les domaines de la crypto-monnaie et des jeux en ligne sont en perp\u00e9tuel changement. Notre engagement est de vous tenir au courant des derni\u00e8res tendances, innovations et m\u00e9tamorphoses dans ces domaines. Nous vous exhortons \u00e0 vous plonger, acqu\u00e9rir des connaissances et vous adapter au paysage en constante \u00e9volution.<\/p>\n\n\n\n<h2 class=\"wp-block-heading\">Notre Doctrine \u00c9ditoriale<\/h2>\n\n\n\n<p><strong>Pour r\u00e9aliser notre mission, nous avons institu\u00e9 une robuste doctrine \u00e9ditoriale :<\/strong><\/p>\n\n\n\n<p><strong>Ind\u00e9pendance et Objectivit\u00e9:<\/strong> L&rsquo;ind\u00e9pendance \u00e9ditoriale in\u00e9branlable et l&rsquo;objectivit\u00e9 sont des principes non n\u00e9gociables de notre contenu. Les influences externes n&rsquo;ont aucune emprise sur nous, garantissant que les informations que nous diffusons restent impartiales et fiables.<\/p>\n\n\n\n<p><strong>Expertise et Enqu\u00eate:<\/strong> Notre cadre comprend des savants dot\u00e9s d&rsquo;une profonde acuit\u00e9 dans les domaines de la crypto-monnaie et des jeux en ligne. Une recherche rigoureuse est entreprise pour produire des articles \u00e9rudits, des critiques et des guides.<\/p>\n\n\n\n<p><strong>Transparence:<\/strong> Nous divulguons ouvertement nos affiliations \u00e0 nos lecteurs. Ces affiliations soutiennent nos op\u00e9rations tout en respectant notre engagement \u00e0 fournir des informations impartiales et inestimables.<\/p>\n\n\n\n<p><strong>Pr\u00e9cision et V\u00e9rification:<\/strong> La pr\u00e9cision est primordiale. Chaque morceau de contenu fait l&rsquo;objet d&rsquo;une v\u00e9rification minutieuse des faits pour garantir la cr\u00e9dibilit\u00e9 et l&rsquo;exactitude. Toutes les lacunes sont rectifi\u00e9es promptement, pr\u00e9servant notre fid\u00e9lit\u00e9 \u00e0 la pr\u00e9cision.<\/p>\n\n\n\n<p><strong>Contenu Ax\u00e9 sur l&rsquo;Utilisateur:<\/strong> Notre contenu est m\u00e9ticuleusement \u00e9labor\u00e9 en gardant \u00e0 l&rsquo;esprit vos int\u00e9r\u00eats primordiaux. Que vous soyez un n\u00e9ophyte ou un habitu\u00e9 des casinos Telegram, nos ressources sont soigneusement adapt\u00e9es pour \u00e9duquer et assister.<\/p>\n\n\n\n<p><strong>Reportage \u00c9thique:<\/strong> Le respect des normes \u00e9thiques de reportage est sacr\u00e9. Nous \u00e9vitons les pratiques qui pourraient causer du tort aux individus, aux entreprises, ou ternir la r\u00e9putation des industries de la crypto-monnaie et des jeux en ligne.<\/p>\n\n\n\n<p><strong>Confidentialit\u00e9 et Protection:<\/strong> Votre vie priv\u00e9e et votre s\u00e9curit\u00e9 priment. Notre Politique de confidentialit\u00e9 d\u00e9taille notre approche de la collecte, de l&rsquo;utilisation et de la protection des donn\u00e9es, garantissant une gestion responsable de vos informations.<\/p>\n\n\n\n<p><strong>Feedback et Rectification:<\/strong> Vos commentaires sont sinc\u00e8rement bienvenus et accord\u00e9s avec gravit\u00e9. Si vous fournissez des suggestions, des questions ou des pr\u00e9occupations concernant notre contenu, nous adressons et rectifions rapidement toutes les divergences identifi\u00e9es.<\/p>\n\n\n\n<h2 class=\"wp-block-heading\">Protocoles d&rsquo;\u00c9dition<\/h2>\n\n\n\n<p>Nos r\u00e9dacteurs et \u00e9diteurs suivent un protocole strict avant qu&rsquo;un article ne figure sur les pages de TelegramCasinos.org.<\/p>\n\n\n\n<p><strong>Recherche:<\/strong> Entreprendre des recherches sur le sujet choisi de l&rsquo;article marque la premi\u00e8re \u00e9tape. Cela englobe la recherche des derni\u00e8res informations, l&rsquo;examen des plateformes concurrentes pour garantir que notre contenu les surpasse, et l&rsquo;agr\u00e9gation d&rsquo;informations provenant de sources diverses pour assurer l&rsquo;exactitude.<\/p>\n\n\n\n<p><strong>Composition:<\/strong> La r\u00e9daction de l&rsquo;article est l&rsquo;effort conjoint de l&rsquo;\u00e9diteur et de l&rsquo;\u00e9crivain, garantissant que tous les aspects sont couverts du point de vue du lecteur. Des informations approfondies sont pr\u00e9sent\u00e9es pour assurer une exploration compl\u00e8te du sujet choisi.<\/p>\n\n\n\n<p><strong>Cross-Verification:<\/strong> Avant la publication, notre cadre \u00e9ditorial v\u00e9rifie les informations pour assurer une pr\u00e9cision totale.<\/p>\n\n\n\n<h2 class=\"wp-block-heading\">Maintien de la Monnaie de l&rsquo;Information<\/h2>\n\n\n\n<p>Notre \u00e9quipe s&rsquo;engage \u00e0 vous fournir les derni\u00e8res informations sur les casinos Telegram, comprenant les bonus r\u00e9cents, les modifications des r\u00e9glementations de pari dans votre r\u00e9gion, les lancements de nouveaux casinos en ligne, les derni\u00e8res informations sur le jeu, et tout le reste.<\/p>\n\n\n\n<p>Rester au fait des derni\u00e8res informations implique la surveillance des cha\u00eenes de m\u00e9dias sociaux, l&rsquo;utilisation de contacts industriels, l&rsquo;examen des plates-formes et applications de casino Telegram et la lecture attentive des communiqu\u00e9s de presse.<\/p>\n\n\n\n<p>En parcourant nos articles, soyez assur\u00e9 que vous acc\u00e9dez aux informations les plus r\u00e9centes et pr\u00e9cises disponibles.<\/p>\n\n\n\n<h2 class=\"wp-block-heading\">Notre Corps \u00c9ditorial<\/h2>\n\n\n\n<p>L&rsquo;assembl\u00e9e \u00e9ditoriale de TelegramCasinos.org est compos\u00e9e de connaisseurs de l&rsquo;industrie qui v\u00e9rifient scrupuleusement toutes les informations pr\u00e9sent\u00e9es sur notre site. Principalement issus des milieux du journalisme et des paris, nos r\u00e9dacteurs et \u00e9diteurs poss\u00e8dent des dur\u00e9es de service \u00e9tendues dans l&rsquo;industrie.<\/p>\n\n\n\n<p>La r\u00e9daction de critiques, l&rsquo;attribution de notes aux casinos, l&rsquo;enqu\u00eate sur les derniers lieux de jeu de crypto-monnaie, et de nombreuses autres t\u00e2ches sont ex\u00e9cut\u00e9es avec la plus grande diligence pour garantir la fourniture d&rsquo;un contenu de qualit\u00e9 et pr\u00e9cis sur TelegramCasinos.org.<\/p>\n\n\n\n<p>Notre engagement sur TelegramCasinos.org est de rester votre compagnon in\u00e9branlable dans votre odyss\u00e9e de jeu de crypto-monnaie. Nous nous effor\u00e7ons de vous doter de connaissances, de promouvoir le jeu responsable, et d&rsquo;offrir une perspective impartiale sur le cosmos captivant des casinos Telegram. Merci de nous avoir confi\u00e9 en tant que votre ressource pr\u00e9\u00e9minente dans cette industrie en constante \u00e9volution.<\/p>\n","protected":false},"excerpt":{"rendered":"<p>Introduction Bienvenue sur TelegramCasinos.org, o\u00f9 notre engagement in\u00e9branlable envers l&rsquo;int\u00e9grit\u00e9, l&rsquo;expertise et la transparence sert de force directrice fa\u00e7onnant nos directives \u00e9ditoriales. Dans l&rsquo;univers dynamique du jeu de crypto-monnaie, nous sommes r\u00e9solus \u00e0 offrir \u00e0 nos lecteurs un contenu non seulement pr\u00e9cis, mais aussi d\u00e9pourvu de partialit\u00e9, garantissant une exploration \u00e9clairante. Dans ce discours, nous &#8230; <a title=\"Politique \u00e9ditoriale\" class=\"read-more\" href=\"https:\/\/telegramcasinos.org\/fr\/politique-editoriale\/\" aria-label=\"Plus sur Politique \u00e9ditoriale\">Lire plus<\/a><\/p>\n","protected":false},"author":7,"featured_media":0,"parent":0,"menu_order":0,"comment_status":"closed","ping_status":"closed","template":"","meta":{"footnotes":""},"_links":{"self":[{"href":"https:\/\/telegramcasinos.org\/fr\/wp-json\/wp\/v2\/pages\/140"}],"collection":[{"href":"https:\/\/telegramcasinos.org\/fr\/wp-json\/wp\/v2\/pages"}],"about":[{"href":"https:\/\/telegramcasinos.org\/fr\/wp-json\/wp\/v2\/types\/page"}],"author":[{"embeddable":true,"href":"https:\/\/telegramcasinos.org\/fr\/wp-json\/wp\/v2\/users\/7"}],"replies":[{"embeddable":true,"href":"https:\/\/telegramcasinos.org\/fr\/wp-json\/wp\/v2\/comments?post=140"}],"version-history":[{"count":1,"href":"https:\/\/telegramcasinos.org\/fr\/wp-json\/wp\/v2\/pages\/140\/revisions"}],"predecessor-version":[{"id":141,"href":"https:\/\/telegramcasinos.org\/fr\/wp-json\/wp\/v2\/pages\/140\/revisions\/141"}],"wp:attachment":[{"href":"https:\/\/telegramcasinos.org\/fr\/wp-json\/wp\/v2\/media?parent=140"}],"curies":[{"name":"wp","href":"https:\/\/api.w.org\/{rel}","templated":true}]}}