{"id":129,"date":"2023-12-16T10:11:11","date_gmt":"2023-12-16T10:11:11","guid":{"rendered":"https:\/\/telegramcasinos.org\/de\/?page_id=129"},"modified":"2023-12-16T10:11:12","modified_gmt":"2023-12-16T10:11:12","slug":"redaktionsrichtlinie","status":"publish","type":"page","link":"https:\/\/telegramcasinos.org\/de\/redaktionsrichtlinie\/","title":{"rendered":"Redaktionsrichtlinie"},"content":{"rendered":"\n<h2 class=\"wp-block-heading\">Einf\u00fchrung<\/h2>\n\n\n\n<p>Willkommen bei <a href=\"https:\/\/telegramcasinos.org\/de\/\" data-type=\"page\" data-id=\"2\">TelegramCasinos.org<\/a>, wo unsere unersch\u00fctterliche Hingabe zu Integrit\u00e4t, Fachkenntnis und Transparenz als die leitende Kraft hinter unseren redaktionellen Richtlinien dient. In der dynamischen Welt des Kryptow\u00e4hrungsgl\u00fccksspiels sind wir entschlossen, unseren Lesern Inhalte zu liefern, die nicht nur genau, sondern auch frei von Voreingenommenheit sind und so eine aufschlussreiche Erkundung gew\u00e4hrleisten. In dieser Abhandlung umrei\u00dfen wir unsere redaktionellen Grunds\u00e4tze und erl\u00e4utern die treibende Kraft hinter unseren Bem\u00fchungen.<\/p>\n\n\n\n<h2 class=\"wp-block-heading\">Inhalts\u00fcbersicht<\/h2>\n\n\n\n<h3 class=\"wp-block-heading\">Unser Hauptzweck<\/h3>\n\n\n\n<p>Bei TelegramCasinos.org ist unser \u00fcbergeordnetes Ziel klar definiert: Ihr verl\u00e4sslicher Verb\u00fcndeter zu sein beim Navigieren durch das faszinierende Gebiet der Telegram-Casinos und des Kryptow\u00e4hrungsgl\u00fccksspiels. Unser Engagement erstreckt sich darauf, Ihnen das notwendige Wissen und die Ressourcen zu bieten, unabh\u00e4ngig davon, ob Sie ein erfahrener Spieler im Bereich des Krypto-Gl\u00fccksspiels sind oder gerade erst beginnen.<\/p>\n\n\n\n<p><strong>Unser Zweck umfasst:<\/strong><\/p>\n\n\n\n<p><strong>Informierte Entscheidungen erleichtern:<\/strong> Unser Ziel ist es, unseren Lesern die Weisheit und Unterscheidungsf\u00e4higkeit f\u00fcr kluge Entscheidungen zu vermitteln. Durch umfassende Leitf\u00e4den, Kritiken und aufschlussreiche Artikel stellen wir sicher, dass Sie mit den notwendigen Werkzeugen f\u00fcr eine sichere und befriedigende Erfahrung in der Welt der Telegram-Casinos ausgestattet sind.<br><strong>Transparenz f\u00f6rdern:<\/strong> Transparenz bildet das Fundament unseres Zwecks. Wir sind bestrebt, klare und unverf\u00e4lschte Informationen zu bieten, um Ihnen ein deutliches Verst\u00e4ndnis der Landschaft des Kryptow\u00e4hrungsgl\u00fccksspiels zu erm\u00f6glichen, einschlie\u00dflich seiner Vorteile, Risiken und M\u00f6glichkeiten.<br><strong>Verantwortungsvolles Gl\u00fccksspiel bef\u00fcrworten:<\/strong> Wir setzen uns leidenschaftlich f\u00fcr verantwortungsbewusstes Gl\u00fccksspiel ein. W\u00e4hrend wir die Begeisterung der Telegram-Casinos loben, betonen wir ebenso die Wichtigkeit, Grenzen zu setzen, sich der Risiken bewusst zu sein und bei Bedarf Hilfe zu suchen. Unsere Mission ist es, eine sichere und angenehme Gl\u00fccksspielumgebung f\u00fcr alle zu f\u00f6rdern.<br><strong>Kontinuierliches Lernen unterst\u00fctzen:<\/strong> Die Bereiche Kryptow\u00e4hrung und Online-Gl\u00fccksspiel sind st\u00e4ndig im Wandel. Unser Engagement ist es, Sie \u00fcber die neuesten Trends, Innovationen und Entwicklungen in diesen Bereichen auf dem Laufenden zu halten. Wir ermutigen Sie, sich in diese sich st\u00e4ndig ver\u00e4ndernde Landschaft zu vertiefen, Wissen zu erlangen und sich anzupassen.<\/p>\n\n\n\n<h2 class=\"wp-block-heading\">Unsere redaktionelle Doktrin<\/h2>\n\n\n\n<p><strong>Um unsere Mission zu verwirklichen, haben wir eine robuste redaktionelle Doktrin etabliert:<\/strong><\/p>\n\n\n\n<p><strong>Unabh\u00e4ngigkeit und Objektivit\u00e4t:<\/strong> Unersch\u00fctterliche redaktionelle Unabh\u00e4ngigkeit und Objektivit\u00e4t sind unverhandelbare Grunds\u00e4tze unseres Inhalts. Externe Einfl\u00fcsse haben keinen Einfluss auf uns, was sicherstellt, dass die Informationen, die wir verbreiten, unparteiisch und verl\u00e4sslich bleiben.<br><strong>Expertise und Untersuchung: <\/strong>Unser Team besteht aus Experten mit tiefgreifenden Kenntnissen in den Bereichen Kryptow\u00e4hrung und Online-Gl\u00fccksspiel. Gr\u00fcndliche Recherchen werden durchgef\u00fchrt, um fundierte Artikel, Kritiken und Leitf\u00e4den zu erstellen.<br><strong>Transparenz:<\/strong> Wir legen unsere Verbindungen offen gegen\u00fcber unseren Lesern. Diese Verbindungen untermauern unsere Operationen und halten unser Versprechen aufrecht, unvoreingenommene und wertvolle Informationen zu liefern.<br><strong>Genauigkeit und Verifizierung:<\/strong> Genauigkeit ist von gr\u00f6\u00dfter Bedeutung. Jeder Inhalt durchl\u00e4uft eine sorgf\u00e4ltige Faktenpr\u00fcfung, um Glaubw\u00fcrdigkeit und Genauigkeit zu gew\u00e4hrleisten. Eventuelle Fehler werden umgehend korrigiert, um unsere Treue zur Genauigkeit zu wahren.<br><strong>Nutzerzentrierter Inhalt:<\/strong> Unser Inhalt wird sorgf\u00e4ltig mit Ihren vorrangigen Interessen im Sinn erstellt. Ob Sie ein Neuling oder ein erfahrener Besucher von Telegram-Casinos sind, unsere Ressourcen sind ma\u00dfgeschneidert, um aufzukl\u00e4ren und zu unterst\u00fctzen.<br><strong>Ethische Berichterstattung:<\/strong> Die Einhaltung ethischer Berichterstattungsstandards ist heilig. Wir meiden Praktiken, die Individuen, Unternehmen schaden oder den Ruf der Kryptow\u00e4hrungs- und Online-Gl\u00fccksspielindustrie beschmutzen k\u00f6nnten.<br><strong>Datenschutz und Sicherung:<\/strong> Ihre Privatsph\u00e4re und Sicherheit haben Vorrang. Unsere Datenschutzrichtlinie umrei\u00dft unseren Ansatz zur Datensammlung, -nutzung und -sicherung und gew\u00e4hrleistet eine verantwortungsvolle Verwahrung Ihrer Informationen.<br><strong>Feedback und Korrektur:<\/strong> Ihr Feedback wird ernst genommen und geb\u00fchrend ber\u00fccksichtigt. Sollten Sie Vorschl\u00e4ge, Fragen oder Bedenken bez\u00fcglich unseres Inhalts unterbreiten, gehen wir diesen umgehend nach und korrigieren etwaige festgestellte Diskrepanzen.<\/p>\n\n\n\n<h2 class=\"wp-block-heading\"><strong>Redaktionsprotokolle<\/strong><\/h2>\n\n\n\n<p>Unsere Redakteure und Texter halten sich an ein strenges Protokoll, bevor ein Artikel auf den Seiten von TelegramCasinos.org erscheint.<\/p>\n\n\n\n<p><strong>Recherche:<\/strong> Der Beginn der Recherche f\u00fcr das Thema des ausgew\u00e4hlten Artikels markiert den ersten Schritt. Dies umfasst die Sammlung der neuesten Informationen, die \u00dcberpr\u00fcfung von Konkurrenzplattformen, um sicherzustellen, dass unser Inhalt \u00fcbertrifft, und die Zusammenf\u00fchrung von Informationen aus verschiedenen Quellen, um Genauigkeit zu gew\u00e4hrleisten.<br><strong>Komposition:<\/strong> Das Verfassen des Artikels ist ein gemeinsames Bestreben des Redakteurs und des Autors, um sicherzustellen, dass alle Aspekte aus der Perspektive des Lesers abgedeckt werden. Umfassende Informationen werden pr\u00e4sentiert, um eine gr\u00fcndliche Erforschung des gew\u00e4hlten Themas zu gew\u00e4hrleisten.<br><strong>Gegenpr\u00fcfung:<\/strong> Vor der Ver\u00f6ffentlichung \u00fcberpr\u00fcft unser Redaktionsteam die Informationen, um absolute Genauigkeit zu gew\u00e4hrleisten.<\/p>\n\n\n\n<h2 class=\"wp-block-heading\">Aufrechterhaltung der Aktualit\u00e4t von Informationen<\/h2>\n\n\n\n<p>Unser Team ist bestrebt, Ihnen die neuesten Informationen \u00fcber Telegram-Casinos zu liefern, einschlie\u00dflich aktueller Boni, \u00c4nderungen der Wettbestimmungen in Ihrer Region, Einf\u00fchrungen neuer Online-Casinos, der neuesten Gl\u00fccksspielnachrichten und allem dazwischen.<\/p>\n\n\n\n<p>Um \u00fcber die neuesten Informationen auf dem Laufenden zu bleiben, \u00fcberwachen wir soziale Medien, nutzen Branchenkontakte, \u00fcberpr\u00fcfen Telegram-Casino-Plattformen und -Anwendungen und lesen sorgf\u00e4ltig Pressemitteilungen.<\/p>\n\n\n\n<p>Wenn Sie unsere Artikel lesen, k\u00f6nnen Sie sicher sein, dass Sie die aktuellsten und genauesten Informationen erhalten.<\/p>\n\n\n\n<h2 class=\"wp-block-heading\">Unser Redaktionsteam<\/h2>\n\n\n\n<p>Das Redaktionsteam bei TelegramCasinos.org besteht aus Branchenkennern, die alle Informationen auf unserer Website sorgf\u00e4ltig \u00fcberpr\u00fcfen. Haupts\u00e4chlich aus dem Journalismus und dem Wettbereich stammend, verf\u00fcgen unsere Autoren und Redakteure \u00fcber umfangreiche Branchenerfahrung.<\/p>\n\n\n\n<p>Die Durchf\u00fchrung von Bewertungen, die Zuweisung von Bewertungen an Casinos, die Untersuchung der neuesten Krypto-Gl\u00fccksspielorte und viele andere Aufgaben werden mit gr\u00f6\u00dfter Sorgfalt ausgef\u00fchrt, um qualitativ hochwertige und pr\u00e4zise Inhalte auf TelegramCasinos.org zu liefern.<\/p>\n\n\n\n<p>Unser Engagement bei TelegramCasinos.org ist es, Ihr verl\u00e4sslicher Begleiter in Ihrem Kryptow\u00e4hrungsgl\u00fccksspiel-Abenteuer zu sein. Wir bem\u00fchen uns, Sie mit Wissen auszustatten, f\u00fcr verantwortungsvolles Spielen zu werben und eine unparteiische Perspektive auf das faszinierende Universum der Telegram-Casinos zu bieten. Vielen Dank, dass Sie uns als Ihre herausragende Ressource in dieser sich st\u00e4ndig weiterentwickelnden Branche vertrauen.<\/p>\n","protected":false},"excerpt":{"rendered":"<p>Einf\u00fchrung Willkommen bei TelegramCasinos.org, wo unsere unersch\u00fctterliche Hingabe zu Integrit\u00e4t, Fachkenntnis und Transparenz als die leitende Kraft hinter unseren redaktionellen Richtlinien dient. In der dynamischen Welt des Kryptow\u00e4hrungsgl\u00fccksspiels sind wir entschlossen, unseren Lesern Inhalte zu liefern, die nicht nur genau, sondern auch frei von Voreingenommenheit sind und so eine aufschlussreiche Erkundung gew\u00e4hrleisten. In dieser Abhandlung &#8230; <a title=\"Redaktionsrichtlinie\" class=\"read-more\" href=\"https:\/\/telegramcasinos.org\/de\/redaktionsrichtlinie\/\" aria-label=\"Mehr zu Redaktionsrichtlinie\">Weiterlesen &#8230;<\/a><\/p>\n","protected":false},"author":5,"featured_media":0,"parent":0,"menu_order":0,"comment_status":"closed","ping_status":"closed","template":"","meta":{"footnotes":""},"_links":{"self":[{"href":"https:\/\/telegramcasinos.org\/de\/wp-json\/wp\/v2\/pages\/129"}],"collection":[{"href":"https:\/\/telegramcasinos.org\/de\/wp-json\/wp\/v2\/pages"}],"about":[{"href":"https:\/\/telegramcasinos.org\/de\/wp-json\/wp\/v2\/types\/page"}],"author":[{"embeddable":true,"href":"https:\/\/telegramcasinos.org\/de\/wp-json\/wp\/v2\/users\/5"}],"replies":[{"embeddable":true,"href":"https:\/\/telegramcasinos.org\/de\/wp-json\/wp\/v2\/comments?post=129"}],"version-history":[{"count":1,"href":"https:\/\/telegramcasinos.org\/de\/wp-json\/wp\/v2\/pages\/129\/revisions"}],"predecessor-version":[{"id":130,"href":"https:\/\/telegramcasinos.org\/de\/wp-json\/wp\/v2\/pages\/129\/revisions\/130"}],"wp:attachment":[{"href":"https:\/\/telegramcasinos.org\/de\/wp-json\/wp\/v2\/media?parent=129"}],"curies":[{"name":"wp","href":"https:\/\/api.w.org\/{rel}","templated":true}]}}