{"id":187,"date":"2023-12-13T21:03:42","date_gmt":"2023-12-13T21:03:42","guid":{"rendered":"https:\/\/telegramcasinos.org\/br\/?page_id=187"},"modified":"2023-12-13T21:03:43","modified_gmt":"2023-12-13T21:03:43","slug":"politica-editorial","status":"publish","type":"page","link":"https:\/\/telegramcasinos.org\/br\/politica-editorial\/","title":{"rendered":"Pol\u00edtica Editorial"},"content":{"rendered":"\n<h2 class=\"wp-block-heading\">Introdu\u00e7\u00e3o<\/h2>\n\n\n\n<p>Bem-vindo ao <a href=\"https:\/\/telegramcasinos.org\/br\/\" data-type=\"page\" data-id=\"2\">TelegramCasinos.org<\/a>, onde nossa dedica\u00e7\u00e3o inabal\u00e1vel \u00e0 integridade, expertise e transpar\u00eancia serve como a for\u00e7a orientadora que molda nossas diretrizes editoriais. Dentro do din\u00e2mico universo do jogo com criptomoedas, somos firmes em fornecer aos nossos leitores conte\u00fado n\u00e3o apenas preciso, mas tamb\u00e9m isento de vi\u00e9s, garantindo uma explora\u00e7\u00e3o esclarecedora. Neste discurso, delineamos nossos princ\u00edpios editoriais e explicamos a for\u00e7a motriz que impulsiona nossos esfor\u00e7os.<\/p>\n\n\n\n<h2 class=\"wp-block-heading\">Vis\u00e3o Geral do Conte\u00fado<\/h2>\n\n\n\n<h3 class=\"wp-block-heading\">Nosso Prop\u00f3sito Central<\/h3>\n\n\n\n<p>No TelegramCasinos.org, nosso objetivo predominante \u00e9 manifestamente delineado: ser seu aliado inabal\u00e1vel na navega\u00e7\u00e3o pelo fascinante dom\u00ednio dos cassinos do Telegram e do jogo com criptomoedas. Nosso compromisso se estende a fornecer a voc\u00ea o conhecimento e os recursos necess\u00e1rios, independentemente de voc\u00ea ser um praticante experiente no meio do jogo com cripto ou apenas come\u00e7ando sua primeira incurs\u00e3o.<\/p>\n\n\n\n<p><strong>Nosso prop\u00f3sito engloba:<\/strong><\/p>\n\n\n\n<ul>\n<li><strong>Facilitar Decis\u00f5es Informadas:<\/strong> Nosso objetivo \u00e9 dotar nossos leitores da sagacidade e discernimento essenciais para tomar decis\u00f5es judiciosas. Atrav\u00e9s de guias exaustivos, cr\u00edticas e composi\u00e7\u00f5es esclarecedoras, garantimos que voc\u00ea esteja equipado com as ferramentas necess\u00e1rias para participar de uma jornada segura e gratificante dentro do universo dos cassinos do Telegram.<br><\/li>\n\n\n\n<li><strong>Defender a Transpar\u00eancia:<\/strong> A transpar\u00eancia forma a base de nosso prop\u00f3sito. Estamos firmes em fornecer informa\u00e7\u00f5es claras e diretas, proporcionando uma compreens\u00e3o l\u00facida da paisagem do jogo com criptomoedas, abrangendo suas vantagens, armadilhas e oportunidades.<br><\/li>\n\n\n\n<li><strong>Advogar pelo Jogo Respons\u00e1vel:<\/strong> Defendemos fervorosamente pr\u00e1ticas de jogo respons\u00e1veis. Enquanto elogiamos a emo\u00e7\u00e3o intr\u00ednseca aos cassinos do Telegram, enfatizamos igualmente a import\u00e2ncia de estabelecer limites, conscientiza\u00e7\u00e3o dos riscos e buscar assist\u00eancia quando necess\u00e1rio. Nossa miss\u00e3o \u00e9 promover um ambiente de jogo seguro e agrad\u00e1vel para todos.<br><\/li>\n\n\n\n<li><strong>Fomentar Aprendizado Cont\u00ednuo:<\/strong> Os dom\u00ednios de criptomoedas e jogos online est\u00e3o em constante fluxo. Nosso compromisso \u00e9 mant\u00ea-lo atualizado sobre as \u00faltimas tend\u00eancias, inova\u00e7\u00f5es e metamorfoses dentro dessas esferas. Instamos voc\u00ea a se aprofundar, adquirir conhecimento e se adaptar \u00e0 paisagem em constante evolu\u00e7\u00e3o.<br>Nossa Doutrina Editorial<br>Para realizar nossa miss\u00e3o, institu\u00edmos uma robusta doutrina editorial:<\/li>\n<\/ul>\n\n\n\n<ul>\n<li><strong>Independ\u00eancia e Objetividade:<\/strong> Independ\u00eancia editorial inabal\u00e1vel e objetividade s\u00e3o princ\u00edpios n\u00e3o negoci\u00e1veis de nosso conte\u00fado. Influ\u00eancias externas n\u00e3o exercem influ\u00eancia sobre n\u00f3s, garantindo que as informa\u00e7\u00f5es que divulgamos permane\u00e7am imparciais e confi\u00e1veis.<\/li>\n<\/ul>\n\n\n\n<ul>\n<li><strong>Expertise e Investiga\u00e7\u00e3o:<\/strong> Nosso quadro inclui s\u00e1bios dotados de profundo conhecimento tanto em criptomoedas quanto em jogos online. Pesquisas rigorosas s\u00e3o realizadas para produzir artigos, cr\u00edticas e guias eruditos.<\/li>\n<\/ul>\n\n\n\n<ul>\n<li><strong>Transpar\u00eancia:<\/strong> Divulgamos abertamente nossas afilia\u00e7\u00f5es aos nossos leitores. Essas afilia\u00e7\u00f5es sustentam nossas opera\u00e7\u00f5es, ao mesmo tempo que mantemos nossa promessa de fornecer informa\u00e7\u00f5es imparciais e inestim\u00e1veis.<\/li>\n<\/ul>\n\n\n\n<ul>\n<li><strong>Precis\u00e3o e Verifica\u00e7\u00e3o:<\/strong> A precis\u00e3o \u00e9 fundamental. Cada peda\u00e7o de conte\u00fado passa por uma verifica\u00e7\u00e3o meticulosa de fatos para garantir credibilidade e precis\u00e3o. Quaisquer lapsos s\u00e3o prontamente corrigidos, mantendo nossa fidelidade \u00e0 precis\u00e3o.<\/li>\n<\/ul>\n\n\n\n<ul>\n<li><strong>Conte\u00fado Centrado no Usu\u00e1rio:<\/strong> Nosso conte\u00fado \u00e9 meticulosamente elaborado com seus interesses primordiais em mente. Seja voc\u00ea um novato ou um cliente experiente dos cassinos do Telegram, nossos recursos s\u00e3o cuidadosamente adaptados para educar e auxiliar.<\/li>\n<\/ul>\n\n\n\n<ul>\n<li><strong>Reportagem \u00c9tica:<\/strong> A ades\u00e3o a padr\u00f5es \u00e9ticos de reportagem \u00e9 sagrada. Evitamos pr\u00e1ticas que possam causar danos a indiv\u00edduos, empresas ou manchar a reputa\u00e7\u00e3o das ind\u00fastrias de criptomoedas e jogos online.<\/li>\n<\/ul>\n\n\n\n<ul>\n<li><strong>Privacidade e Salvaguarda: <\/strong>Sua privacidade e seguran\u00e7a t\u00eam preced\u00eancia. Nossa Pol\u00edtica de Privacidade delineia nossa abordagem \u00e0 coleta, utiliza\u00e7\u00e3o e salvaguarda de dados, garantindo a cust\u00f3dia respons\u00e1vel de suas informa\u00e7\u00f5es.<\/li>\n<\/ul>\n\n\n\n<ul>\n<li><strong>Feedback e Retifica\u00e7\u00e3o:<\/strong> Seu feedback \u00e9 sinceramente bem-vindo e recebido com devida seriedade. Caso voc\u00ea forne\u00e7a sugest\u00f5es, d\u00favidas ou preocupa\u00e7\u00f5es sobre nosso conte\u00fado, abordamos e corrigimos prontamente quaisquer discrep\u00e2ncias identificadas.<\/li>\n<\/ul>\n\n\n\n<h2 class=\"wp-block-heading\">Protocolos de Edi\u00e7\u00e3o<\/h2>\n\n\n\n<p>Nossos redatores e editores seguem um protocolo rigoroso antes que um artigo enfeite as p\u00e1ginas do TelegramCasinos.org.<\/p>\n\n\n\n<p><strong>Pesquisa:<\/strong> Embarcar em pesquisa sobre o tema escolhido do artigo marca o primeiro passo. Isso inclui obter as \u00faltimas informa\u00e7\u00f5es, examinar plataformas concorrentes para garantir que nosso conte\u00fado supere e agregar informa\u00e7\u00f5es de diversas fontes para garantir precis\u00e3o.<\/p>\n\n\n\n<p><strong>Composi\u00e7\u00e3o:<\/strong> A elabora\u00e7\u00e3o do artigo \u00e9 um esfor\u00e7o conjunto do editor e do escritor, garantindo que todos os aspectos sejam abordados do ponto de vista do leitor. Informa\u00e7\u00f5es detalhadas s\u00e3o apresentadas para garantir uma explora\u00e7\u00e3o completa do t\u00f3pico escolhido.<\/p>\n\n\n\n<p><strong>Cross-Verifica\u00e7\u00e3o:<\/strong> Antes da publica\u00e7\u00e3o, nosso grupo editorial verifica as informa\u00e7\u00f5es para garantir absoluta precis\u00e3o.<\/p>\n\n\n\n<h2 class=\"wp-block-heading\">Manuten\u00e7\u00e3o da Atualidade das Informa\u00e7\u00f5es<\/h2>\n\n\n\n<p>Nossa equipe est\u00e1 empenhada em fornecer as \u00faltimas informa\u00e7\u00f5es sobre os cassinos do Telegram, abrangendo b\u00f4nus recentes, altera\u00e7\u00f5es nas regulamenta\u00e7\u00f5es de apostas em sua regi\u00e3o, lan\u00e7amentos de novos cassinos online, as \u00faltimas not\u00edcias sobre jogos e tudo mais.<\/p>\n\n\n\n<p>Manter-se atualizado com as \u00faltimas informa\u00e7\u00f5es envolve monitorar canais de m\u00eddia social, aproveitar contatos na ind\u00fastria, examinar plataformas e aplicativos de cassinos do Telegram e ler atentamente comunicados \u00e0 imprensa.<\/p>\n\n\n\n<p>Ao ler nossos artigos, fique tranquilo sabendo que voc\u00ea est\u00e1 acessando as informa\u00e7\u00f5es mais recentes e precisas dispon\u00edveis.<\/p>\n\n\n\n<h2 class=\"wp-block-heading\">Nosso Corpo Editorial<\/h2>\n\n\n\n<p>A assembl\u00e9ia editorial no TelegramCasinos.org \u00e9 composta por especialistas do setor que verificam escrupulosamente todas as informa\u00e7\u00f5es apresentadas em nosso site. Predominantemente provenientes de jornalismo e apostas, nossos escritores e editores possuem extensas experi\u00eancias na ind\u00fastria.<\/p>\n\n\n\n<p>Realizar an\u00e1lises, atribuir classifica\u00e7\u00f5es a cassinos, investigar os \u00faltimos locais de jogo com cripto e in\u00fameras outras tarefas s\u00e3o executadas com a m\u00e1xima dilig\u00eancia para garantir a entrega de conte\u00fado de qualidade e preciso no TelegramCasinos.org.<\/p>\n\n\n\n<p>Nosso compromisso no TelegramCasinos.org \u00e9 ser seu companheiro inabal\u00e1vel em sua odisseia de jogo com criptomoedas. Nos esfor\u00e7amos para fornecer conhecimento, advogar por jogos respons\u00e1veis e oferecer uma perspectiva imparcial sobre o cosmos fascinante dos cassinos do Telegram. Agradecemos por confiar em n\u00f3s como sua principal fonte nesta ind\u00fastria em constante evolu\u00e7\u00e3o.<\/p>\n","protected":false},"excerpt":{"rendered":"<p>Introdu\u00e7\u00e3o Bem-vindo ao TelegramCasinos.org, onde nossa dedica\u00e7\u00e3o inabal\u00e1vel \u00e0 integridade, expertise e transpar\u00eancia serve como a for\u00e7a orientadora que molda nossas diretrizes editoriais. Dentro do din\u00e2mico universo do jogo com criptomoedas, somos firmes em fornecer aos nossos leitores conte\u00fado n\u00e3o apenas preciso, mas tamb\u00e9m isento de vi\u00e9s, garantindo uma explora\u00e7\u00e3o esclarecedora. Neste discurso, delineamos nossos &#8230; <a title=\"Pol\u00edtica Editorial\" class=\"read-more\" href=\"https:\/\/telegramcasinos.org\/br\/politica-editorial\/\" aria-label=\"More on Pol\u00edtica Editorial\">Leia mais<\/a><\/p>\n","protected":false},"author":1,"featured_media":0,"parent":0,"menu_order":0,"comment_status":"closed","ping_status":"closed","template":"","meta":{"footnotes":""},"_links":{"self":[{"href":"https:\/\/telegramcasinos.org\/br\/wp-json\/wp\/v2\/pages\/187"}],"collection":[{"href":"https:\/\/telegramcasinos.org\/br\/wp-json\/wp\/v2\/pages"}],"about":[{"href":"https:\/\/telegramcasinos.org\/br\/wp-json\/wp\/v2\/types\/page"}],"author":[{"embeddable":true,"href":"https:\/\/telegramcasinos.org\/br\/wp-json\/wp\/v2\/users\/1"}],"replies":[{"embeddable":true,"href":"https:\/\/telegramcasinos.org\/br\/wp-json\/wp\/v2\/comments?post=187"}],"version-history":[{"count":3,"href":"https:\/\/telegramcasinos.org\/br\/wp-json\/wp\/v2\/pages\/187\/revisions"}],"predecessor-version":[{"id":190,"href":"https:\/\/telegramcasinos.org\/br\/wp-json\/wp\/v2\/pages\/187\/revisions\/190"}],"wp:attachment":[{"href":"https:\/\/telegramcasinos.org\/br\/wp-json\/wp\/v2\/media?parent=187"}],"curies":[{"name":"wp","href":"https:\/\/api.w.org\/{rel}","templated":true}]}}